{"id":197,"date":"2020-11-17T19:01:53","date_gmt":"2020-11-17T18:01:53","guid":{"rendered":"https:\/\/docteurs-drillon-bidart.fr\/helbidea\/"},"modified":"2024-11-10T20:07:50","modified_gmt":"2024-11-10T19:07:50","slug":"helbidea","status":"publish","type":"page","link":"https:\/\/docteurs-drillon-bidart.fr\/eu\/helbidea\/","title":{"rendered":"Sarbidea"},"content":{"rendered":"<p>[et_pb_section fb_built=&#8221;1&#8243; fullwidth=&#8221;on&#8221; _builder_version=&#8221;4.16&#8243; global_colors_info=&#8221;{}&#8221;][et_pb_fullwidth_image src=&#8221;https:\/\/docteurs-drillon-bidart.fr\/wp-content\/uploads\/2024\/11\/acces-cabinet-sare.jpg&#8221; _builder_version=&#8221;4.27.0&#8243; vertical_offset_tablet=&#8221;0&#8243; horizontal_offset_tablet=&#8221;0&#8243; z_index_tablet=&#8221;0&#8243; box_shadow_horizontal_tablet=&#8221;0px&#8221; box_shadow_vertical_tablet=&#8221;0px&#8221; box_shadow_blur_tablet=&#8221;40px&#8221; box_shadow_spread_tablet=&#8221;0px&#8221; global_colors_info=&#8221;{}&#8221;][\/et_pb_fullwidth_image][\/et_pb_section][et_pb_section fb_built=&#8221;1&#8243; admin_label=&#8221;Contact Info Section&#8221; _builder_version=&#8221;4.16&#8243; background_color=&#8221;#fafbfc&#8221; custom_padding=&#8221;29px|0px|63px|0px||&#8221; global_colors_info=&#8221;{}&#8221;][et_pb_row _builder_version=&#8221;4.16&#8243; _module_preset=&#8221;default&#8221; custom_margin=&#8221;-22px|auto||auto||&#8221; custom_padding=&#8221;6px|||||&#8221; global_colors_info=&#8221;{}&#8221;][et_pb_column type=&#8221;4_4&#8243; _builder_version=&#8221;4.16&#8243; _module_preset=&#8221;default&#8221; global_colors_info=&#8221;{}&#8221;][et_pb_blurb title=&#8221;egin klik ibilbidea ikusteko&#8221; url=&#8221;https:\/\/maps.app.goo.gl\/dQFhfxcTduR9iwHH7&#8243; use_icon=&#8221;on&#8221; font_icon=&#8221;&#xe083;||divi||400&#8243; icon_placement=&#8221;left&#8221; _builder_version=&#8221;4.27.0&#8243; _module_preset=&#8221;default&#8221; vertical_offset_tablet=&#8221;0&#8243; horizontal_offset_tablet=&#8221;0&#8243; z_index_tablet=&#8221;0&#8243; header_text_shadow_horizontal_length_tablet=&#8221;0px&#8221; header_text_shadow_vertical_length_tablet=&#8221;0px&#8221; header_text_shadow_blur_strength_tablet=&#8221;1px&#8221; body_text_shadow_horizontal_length_tablet=&#8221;0px&#8221; body_text_shadow_vertical_length_tablet=&#8221;0px&#8221; body_text_shadow_blur_strength_tablet=&#8221;1px&#8221; body_link_text_shadow_horizontal_length_tablet=&#8221;0px&#8221; body_link_text_shadow_vertical_length_tablet=&#8221;0px&#8221; body_link_text_shadow_blur_strength_tablet=&#8221;1px&#8221; body_ul_text_shadow_horizontal_length_tablet=&#8221;0px&#8221; body_ul_text_shadow_vertical_length_tablet=&#8221;0px&#8221; body_ul_text_shadow_blur_strength_tablet=&#8221;1px&#8221; body_ol_text_shadow_horizontal_length_tablet=&#8221;0px&#8221; body_ol_text_shadow_vertical_length_tablet=&#8221;0px&#8221; body_ol_text_shadow_blur_strength_tablet=&#8221;1px&#8221; body_quote_text_shadow_horizontal_length_tablet=&#8221;0px&#8221; body_quote_text_shadow_vertical_length_tablet=&#8221;0px&#8221; body_quote_text_shadow_blur_strength_tablet=&#8221;1px&#8221; box_shadow_horizontal_tablet=&#8221;0px&#8221; box_shadow_vertical_tablet=&#8221;0px&#8221; box_shadow_blur_tablet=&#8221;40px&#8221; box_shadow_spread_tablet=&#8221;0px&#8221; box_shadow_horizontal_image_tablet=&#8221;0px&#8221; box_shadow_vertical_image_tablet=&#8221;0px&#8221; box_shadow_blur_image_tablet=&#8221;40px&#8221; box_shadow_spread_image_tablet=&#8221;0px&#8221; text_shadow_horizontal_length_tablet=&#8221;0px&#8221; text_shadow_vertical_length_tablet=&#8221;0px&#8221; text_shadow_blur_strength_tablet=&#8221;1px&#8221; global_colors_info=&#8221;{}&#8221;][\/et_pb_blurb][\/et_pb_column][\/et_pb_row][et_pb_row column_structure=&#8221;1_3,1_3,1_3&#8243; _builder_version=&#8221;4.27.0&#8243; width=&#8221;97%&#8221; max_width=&#8221;100%&#8221; global_colors_info=&#8221;{}&#8221;][et_pb_column type=&#8221;1_3&#8243; _builder_version=&#8221;4.16&#8243; custom_padding=&#8221;|||&#8221; global_colors_info=&#8221;{}&#8221; custom_padding__hover=&#8221;|||&#8221;][et_pb_blurb title=&#8221;Kontaktua&#8221; use_icon=&#8221;on&#8221; font_icon=&#8221;&#xe090;||divi||400&#8243; icon_color=&#8221;#ffffff&#8221; image_icon_background_color=&#8221;#058a89&#8243; icon_placement=&#8221;left&#8221; image_icon_width=&#8221;32px&#8221; _builder_version=&#8221;4.27.0&#8243; header_font=&#8221;Poppins|500|||||||&#8221; header_text_color=&#8221;#486066&#8243; header_line_height=&#8221;1.4em&#8221; body_font=&#8221;Open Sans||||||||&#8221; body_text_color=&#8221;#959ca5&#8243; background_color=&#8221;#ffffff&#8221; image_icon_custom_padding=&#8221;8px|8px|8px|8px|false|false&#8221; custom_margin=&#8221;|||&#8221; custom_padding=&#8221;30px|20px|30px|20px&#8221; animation_style=&#8221;fade&#8221; animation=&#8221;off&#8221; border_radii=&#8221;on|6px|6px|6px|6px&#8221; border_radii_image=&#8221;on|100%|100%|100%|100%&#8221; box_shadow_style=&#8221;preset1&#8243; box_shadow_vertical=&#8221;10px&#8221; box_shadow_blur=&#8221;24px&#8221; box_shadow_spread=&#8221;6px&#8221; box_shadow_color=&#8221;rgba(0,0,0,0.06)&#8221; icon_font_size=&#8221;32px&#8221; use_circle=&#8221;on&#8221; global_colors_info=&#8221;{}&#8221; image_icon_background_color__sticky_enabled=&#8221;#058a89&#8243; image_icon_background_color__sticky=&#8221;#058a89&#8243;]<\/p>\n<p>Tel : 05 59 85 91 29<\/p>\n<p>Larrialdi zembakia : 15<\/p>\n<p>[\/et_pb_blurb][\/et_pb_column][et_pb_column type=&#8221;1_3&#8243; _builder_version=&#8221;4.16&#8243; custom_padding=&#8221;|||&#8221; global_colors_info=&#8221;{}&#8221; custom_padding__hover=&#8221;|||&#8221;][et_pb_blurb title=&#8221;2024ko azaroaren 12tik goiti helbide berria&#8221; use_icon=&#8221;on&#8221; font_icon=&#8221;&#xe081;||divi||400&#8243; icon_color=&#8221;#ffffff&#8221; image_icon_background_color=&#8221;#058a89&#8243; icon_placement=&#8221;left&#8221; image_icon_width=&#8221;32px&#8221; _builder_version=&#8221;4.27.0&#8243; header_font=&#8221;Poppins|500|||||||&#8221; header_text_color=&#8221;#486066&#8243; header_line_height=&#8221;1.4em&#8221; body_font=&#8221;Open Sans||||||||&#8221; body_text_color=&#8221;#959ca5&#8243; background_color=&#8221;#ffffff&#8221; image_icon_custom_padding=&#8221;8px|8px|8px|8px|false|false&#8221; vertical_offset_tablet=&#8221;0&#8243; horizontal_offset_tablet=&#8221;0&#8243; custom_margin=&#8221;|||&#8221; custom_padding=&#8221;30px|20px|30px|20px&#8221; animation_style=&#8221;fade&#8221; animation_delay=&#8221;100ms&#8221; animation=&#8221;off&#8221; hover_enabled=&#8221;0&#8243; z_index_tablet=&#8221;0&#8243; header_text_shadow_horizontal_length_tablet=&#8221;0px&#8221; header_text_shadow_vertical_length_tablet=&#8221;0px&#8221; header_text_shadow_blur_strength_tablet=&#8221;1px&#8221; body_text_shadow_horizontal_length_tablet=&#8221;0px&#8221; body_text_shadow_vertical_length_tablet=&#8221;0px&#8221; body_text_shadow_blur_strength_tablet=&#8221;1px&#8221; body_link_text_shadow_horizontal_length_tablet=&#8221;0px&#8221; body_link_text_shadow_vertical_length_tablet=&#8221;0px&#8221; body_link_text_shadow_blur_strength_tablet=&#8221;1px&#8221; body_ul_text_shadow_horizontal_length_tablet=&#8221;0px&#8221; body_ul_text_shadow_vertical_length_tablet=&#8221;0px&#8221; body_ul_text_shadow_blur_strength_tablet=&#8221;1px&#8221; body_ol_text_shadow_horizontal_length_tablet=&#8221;0px&#8221; body_ol_text_shadow_vertical_length_tablet=&#8221;0px&#8221; body_ol_text_shadow_blur_strength_tablet=&#8221;1px&#8221; body_quote_text_shadow_horizontal_length_tablet=&#8221;0px&#8221; body_quote_text_shadow_vertical_length_tablet=&#8221;0px&#8221; body_quote_text_shadow_blur_strength_tablet=&#8221;1px&#8221; border_radii=&#8221;on|6px|6px|6px|6px&#8221; border_radii_image=&#8221;on|100%|100%|100%|100%&#8221; box_shadow_style=&#8221;preset1&#8243; box_shadow_vertical=&#8221;10px&#8221; box_shadow_blur=&#8221;24px&#8221; box_shadow_spread=&#8221;6px&#8221; box_shadow_color=&#8221;rgba(0,0,0,0.06)&#8221; box_shadow_horizontal_image_tablet=&#8221;0px&#8221; box_shadow_vertical_image_tablet=&#8221;0px&#8221; box_shadow_blur_image_tablet=&#8221;40px&#8221; box_shadow_spread_image_tablet=&#8221;0px&#8221; text_shadow_horizontal_length_tablet=&#8221;0px&#8221; text_shadow_vertical_length_tablet=&#8221;0px&#8221; text_shadow_blur_strength_tablet=&#8221;1px&#8221; icon_font_size=&#8221;32px&#8221; use_circle=&#8221;on&#8221; global_colors_info=&#8221;{}&#8221; image_icon_background_color__sticky_enabled=&#8221;#058a89&#8243; image_icon_background_color__sticky=&#8221;#058a89&#8243; sticky_enabled=&#8221;0&#8243;]<\/p>\n<p>Drillon eta Bidart medikuak<br \/>Argibegia Etxea, 130 etxegaraiko auzo berriko bidea<br \/>64310 Sara<\/p>\n<p>[\/et_pb_blurb][\/et_pb_column][et_pb_column type=&#8221;1_3&#8243; _builder_version=&#8221;4.16&#8243; custom_padding=&#8221;|||&#8221; global_colors_info=&#8221;{}&#8221; custom_padding__hover=&#8221;|||&#8221;][et_pb_blurb title=&#8221;Kontsultak hitzordua hartuz&#8221; url=&#8221;@ET-DC@eyJkeW5hbWljIjp0cnVlLCJjb250ZW50IjoicG9zdF9saW5rX3VybF9wYWdlIiwic2V0dGluZ3MiOnsicG9zdF9pZCI6IjUyIiwiZW5hYmxlX2h0bWwiOiJvZmYifX0=@&#8221; use_icon=&#8221;on&#8221; font_icon=&#8221;&#xe06b;||divi||400&#8243; icon_color=&#8221;#ffffff&#8221; image_icon_background_color=&#8221;#058a89&#8243; icon_placement=&#8221;left&#8221; image_icon_width=&#8221;32px&#8221; _builder_version=&#8221;4.27.0&#8243; _dynamic_attributes=&#8221;url&#8221; header_font=&#8221;Poppins|500|||||||&#8221; header_text_color=&#8221;#486066&#8243; header_line_height=&#8221;1.4em&#8221; body_font=&#8221;Open Sans||||||||&#8221; body_text_color=&#8221;#959ca5&#8243; background_color=&#8221;#ffffff&#8221; image_icon_custom_padding=&#8221;8px|8px|8px|8px|false|false&#8221; vertical_offset_tablet=&#8221;0&#8243; horizontal_offset_tablet=&#8221;0&#8243; custom_margin=&#8221;|||&#8221; custom_padding=&#8221;30px|5px|20px|20px&#8221; animation_style=&#8221;fade&#8221; animation_delay=&#8221;200ms&#8221; animation=&#8221;off&#8221; hover_enabled=&#8221;0&#8243; z_index_tablet=&#8221;0&#8243; header_text_shadow_horizontal_length_tablet=&#8221;0px&#8221; header_text_shadow_vertical_length_tablet=&#8221;0px&#8221; header_text_shadow_blur_strength_tablet=&#8221;1px&#8221; body_text_shadow_horizontal_length_tablet=&#8221;0px&#8221; body_text_shadow_vertical_length_tablet=&#8221;0px&#8221; body_text_shadow_blur_strength_tablet=&#8221;1px&#8221; body_link_text_shadow_horizontal_length_tablet=&#8221;0px&#8221; body_link_text_shadow_vertical_length_tablet=&#8221;0px&#8221; body_link_text_shadow_blur_strength_tablet=&#8221;1px&#8221; body_ul_text_shadow_horizontal_length_tablet=&#8221;0px&#8221; body_ul_text_shadow_vertical_length_tablet=&#8221;0px&#8221; body_ul_text_shadow_blur_strength_tablet=&#8221;1px&#8221; body_ol_text_shadow_horizontal_length_tablet=&#8221;0px&#8221; body_ol_text_shadow_vertical_length_tablet=&#8221;0px&#8221; body_ol_text_shadow_blur_strength_tablet=&#8221;1px&#8221; body_quote_text_shadow_horizontal_length_tablet=&#8221;0px&#8221; body_quote_text_shadow_vertical_length_tablet=&#8221;0px&#8221; body_quote_text_shadow_blur_strength_tablet=&#8221;1px&#8221; border_radii=&#8221;on|6px|6px|6px|6px&#8221; border_radii_image=&#8221;on|100%|100%|100%|100%&#8221; box_shadow_style=&#8221;preset1&#8243; box_shadow_vertical=&#8221;10px&#8221; box_shadow_blur=&#8221;24px&#8221; box_shadow_spread=&#8221;6px&#8221; box_shadow_color=&#8221;rgba(0,0,0,0.06)&#8221; box_shadow_horizontal_image_tablet=&#8221;0px&#8221; box_shadow_vertical_image_tablet=&#8221;0px&#8221; box_shadow_blur_image_tablet=&#8221;40px&#8221; box_shadow_spread_image_tablet=&#8221;0px&#8221; text_shadow_horizontal_length_tablet=&#8221;0px&#8221; text_shadow_vertical_length_tablet=&#8221;0px&#8221; text_shadow_blur_strength_tablet=&#8221;1px&#8221; icon_font_size=&#8221;32px&#8221; use_circle=&#8221;on&#8221; global_colors_info=&#8221;{}&#8221; image_icon_background_color__sticky_enabled=&#8221;#058a89&#8243; image_icon_background_color__sticky=&#8221;#058a89&#8243; sticky_enabled=&#8221;0&#8243;]<\/p>\n<p>Astelehenetik ostiralerat, ostegunetan hetsia.<\/p>\n<p>&nbsp;<\/p>\n<p>[\/et_pb_blurb][\/et_pb_column][\/et_pb_row][et_pb_row _builder_version=&#8221;4.16&#8243; background_size=&#8221;initial&#8221; background_position=&#8221;top_left&#8221; background_repeat=&#8221;repeat&#8221; global_colors_info=&#8221;{}&#8221;][et_pb_column type=&#8221;4_4&#8243; _builder_version=&#8221;4.16&#8243; custom_padding=&#8221;|||&#8221; global_colors_info=&#8221;{}&#8221; custom_padding__hover=&#8221;|||&#8221;][et_pb_text _builder_version=&#8221;4.27.0&#8243; _module_preset=&#8221;default&#8221; hover_enabled=&#8221;0&#8243; global_colors_info=&#8221;{}&#8221; sticky_enabled=&#8221;0&#8243;]<\/p>\n<h2>Xehetasun batzu Sarako bulegora etortzeko<strong><\/strong><\/h2>\n<p><strong>Senperetik etorriz<\/strong> : Olhaldea zalditegiaren ondotik berehala ezker harrizko bidexka bat hartu , lehen etxe gorria.<\/p>\n<p><strong>Azkaine edo Saratik etorriz<\/strong>, Olhaldea zalditegia aintzin berehala eskuin harrizko bidexka bat hartu, lehen etxe gorria.<\/p>\n<p>lehen etxe gorria<\/p>\n<p>[\/et_pb_text][\/et_pb_column][\/et_pb_row][\/et_pb_section]<\/p>\n","protected":false},"excerpt":{"rendered":"<p>Tel : 05 59 85 91 29 Larrialdi zembakia : 15 Drillon eta Bidart medikuakArgibegia Etxea, 130 etxegaraiko auzo berriko bidea64310 SaraAstelehenetik ostiralerat, ostegunetan hetsia. &nbsp;Xehetasun batzu Sarako bulegora etortzeko Senperetik etorriz : Olhaldea zalditegiaren ondotik berehala ezker harrizko bidexka bat hartu , lehen etxe gorria. Azkaine edo Saratik etorriz, Olhaldea zalditegia aintzin berehala eskuin [&hellip;]<\/p>\n","protected":false},"author":1,"featured_media":0,"parent":0,"menu_order":0,"comment_status":"closed","ping_status":"closed","template":"","meta":{"_seopress_robots_primary_cat":"","_seopress_titles_title":"Acces cabinet m\u00e9dical - Dr Bidart \u00e0 Ascain","_seopress_titles_desc":"Adresse et coordonn\u00e9es cabinet de m\u00e9decine g\u00e9n\u00e9rale, hom\u00e9opathie et suivi p\u00e9diatrique\u00a0Espace Anita Magdalena, rue Oletako bidea, Ascain","_seopress_robots_index":"","_et_pb_use_builder":"on","_et_pb_old_content":"","_et_gb_content_width":"","footnotes":""},"class_list":["post-197","page","type-page","status-publish","hentry"],"_links":{"self":[{"href":"https:\/\/docteurs-drillon-bidart.fr\/eu\/wp-json\/wp\/v2\/pages\/197","targetHints":{"allow":["GET"]}}],"collection":[{"href":"https:\/\/docteurs-drillon-bidart.fr\/eu\/wp-json\/wp\/v2\/pages"}],"about":[{"href":"https:\/\/docteurs-drillon-bidart.fr\/eu\/wp-json\/wp\/v2\/types\/page"}],"author":[{"embeddable":true,"href":"https:\/\/docteurs-drillon-bidart.fr\/eu\/wp-json\/wp\/v2\/users\/1"}],"replies":[{"embeddable":true,"href":"https:\/\/docteurs-drillon-bidart.fr\/eu\/wp-json\/wp\/v2\/comments?post=197"}],"version-history":[{"count":3,"href":"https:\/\/docteurs-drillon-bidart.fr\/eu\/wp-json\/wp\/v2\/pages\/197\/revisions"}],"predecessor-version":[{"id":1203,"href":"https:\/\/docteurs-drillon-bidart.fr\/eu\/wp-json\/wp\/v2\/pages\/197\/revisions\/1203"}],"wp:attachment":[{"href":"https:\/\/docteurs-drillon-bidart.fr\/eu\/wp-json\/wp\/v2\/media?parent=197"}],"curies":[{"name":"wp","href":"https:\/\/api.w.org\/{rel}","templated":true}]}}